{"id":3,"date":"2021-02-25T15:10:00","date_gmt":"2021-02-25T15:10:00","guid":{"rendered":"https:\/\/www.djservicefrankfurt.de\/?page_id=3"},"modified":"2022-05-18T13:45:07","modified_gmt":"2022-05-18T13:45:07","slug":"privacy-policy","status":"publish","type":"page","link":"https:\/\/www.djservicefrankfurt.de\/index.php\/privacy-policy\/","title":{"rendered":"Datenschutz"},"content":{"rendered":"\n<h3 class=\"wp-block-heading\">Datenschutz<\/h3>\n\n\n\n<p>Die Betreiber dieser Website&nbsp;nehmen den Schutz Ihrer pers\u00f6nlichen Daten sehr ernst. Wir behandeln Ihre personenbezogenen Daten&nbsp;vertraulich und entsprechend der gesetzlichen Datenschutzvorschriften sowie dieser Datenschutzerkl\u00e4rung.<\/p>\n\n\n\n<p>Die Nutzung unserer Website ist in der Regel ohne Angabe personenbezogener Daten m\u00f6glich. Soweit auf unseren Seiten&nbsp;personenbezogene Daten (beispielsweise Name, Anschrift oder E-Mail-Adressen) erhoben werden, erfolgt dies, soweit m\u00f6glich, stets auf&nbsp;freiwilliger Basis. Diese Daten werden ohne Ihre ausdr\u00fcckliche Zustimmung nicht an Dritte weitergegeben.<\/p>\n\n\n\n<p>Wir weisen darauf hin, dass die Daten\u00fcbertragung im Internet (z.B. bei der Kommunikation per E-Mail) Sicherheitsl\u00fccken aufweisen kann.&nbsp;Ein l\u00fcckenloser Schutz der Daten vor dem Zugriff durch Dritte ist nicht m\u00f6glich.<\/p>\n\n\n\n<h3 class=\"wp-block-heading\">Art der Daten<\/h3>\n\n\n\n<p>Personenbezogene Daten k\u00f6nnen dazu genutzt werden, Ihre Identi\u00e4t zu erfahren. Darunter fallen Informationen wie z.B. Name, Geburtsdatum, Postanschrift, E-Mailadresse und Telefonnummer. Andere Daten, die sich aus der Protokollierung bei der Nutzung einer Website ergeben, k\u00f6nnen nicht direkt mit Ihrer wirklichen Identit\u00e4t in Verbindung gebracht werden. Unter Umst\u00e4nden lassen protokollierte Zugriffsdaten aber eine Identifizierung zu, wenn Sie \u00fcber mehrere Speicherorte hinweg (Betreiber der Website, Hoster der Website, Zugriffsanbieter) \u00fcbergreifend ausgewertet werden.<\/p>\n\n\n\n<h3 class=\"wp-block-heading\">Server-Log-Files<\/h3>\n\n\n\n<p>Der Provider der Seiten erhebt und speichert automatisch Informationen in so genannten Server-Log Files, die Ihr Browser automatisch&nbsp;an uns \u00fcbermittelt. Dies sind:<\/p>\n\n\n\n<ul class=\"wp-block-list\"><li>Browsertyp\/ Browserversion<\/li><li>verwendetes Betriebssystem<\/li><li>Referrer URL<\/li><li>Hostname des zugreifenden Rechners<\/li><li>Uhrzeit der Serveranfrage<\/li><\/ul>\n\n\n\n<p>Diese Daten sind nicht bestimmten Personen zuordenbar. Eine Zusammenf\u00fchrung dieser Daten mit anderen Datenquellen wird nicht&nbsp;vorgenommen. Wir behalten uns vor, diese Daten nachtr\u00e4glich zu pr\u00fcfen, wenn uns konkrete Anhaltspunkte f\u00fcr eine rechtswidrige&nbsp;Nutzung bekannt&nbsp;werden.<\/p>\n\n\n\n<h3 class=\"wp-block-heading\">Kontaktformular<\/h3>\n\n\n\n<p>Wenn Sie uns per Kontaktformular Anfragen zukommen lassen, werden Ihre Angaben aus dem Anfrageformular inklusive der von Ihnen&nbsp;dort angegebenen Kontaktdaten zwecks Bearbeitung der Anfrage und f\u00fcr den Fall von Anschlussfragen bei uns gespeichert. Diese Daten&nbsp;geben wir nicht ohne Ihre Einwilligung weiter.<\/p>\n\n\n\n<h3 class=\"wp-block-heading\">Cookies<\/h3>\n\n\n\n<p>Wir setzen auf unserer Website sogenannte&nbsp;Cookies ein. Cookies richten auf Ihrem Rechner keinen Schaden an und enthalten keine&nbsp;Viren. Cookies dienen dazu, unser Angebot nutzerfreundlicher, effektiver und sicherer zu machen. Cookies sind kleine Textdateien, die auf&nbsp;Ihrem Rechner abgelegt werden und die Ihr Browser speichert.<\/p>\n\n\n\n<p>Die meisten der von uns verwendeten Cookies sind so genannte \u201eSession-Cookies\u201c. Sie werden nach Ende Ihres Besuchs automatisch&nbsp;gel\u00f6scht. Andere Cookies bleiben auf Ihrem Endger\u00e4t gespeichert, bis Sie diese l\u00f6schen. Diese Cookies erm\u00f6glichen es uns, Ihren Browser&nbsp;beim n\u00e4chsten Besuch wieder zuerkennen.<\/p>\n\n\n\n<p>Sie k\u00f6nnen Ihren Browser so einstellen, dass Sie \u00fcber das Setzen von Cookies informiert werden und Cookies nur im Einzelfall erlauben,&nbsp;die Annahme von Cookies f\u00fcr bestimmte F\u00e4lle oder generell ausschlie\u00dfen sowie das automatische L\u00f6schen der Cookies beim Schlie\u00dfen&nbsp;des Browser aktivieren. Bei der Deaktivierung von Cookies kann die Funktionalit\u00e4t dieser Website eingeschr\u00e4nkt sein.<\/p>\n\n\n\n<h3 class=\"wp-block-heading\">Datenschutzerkl\u00e4rung f\u00fcr die Nutzung von Google Analytics<\/h3>\n\n\n\n<p>Diese Website nutzt Funktionen desWebanalysedienstes Google Analytics. Anbieter ist die Google Inc. 1600 Amphitheatre Parkway&nbsp;Mountain View, CA 94043, USA. Google Analytics verwendet sog. &#8222;Cookies&#8220;. Das sind Textdateien, die auf Ihrem Computer gespeichert&nbsp;werden und die eine Analyse der Benutzung der Website durch Sie erm\u00f6glichen. Die durch den Cookie erzeugten Informationen \u00fcber Ihre&nbsp;Benutzung dieser Website werden in der Regel an einen Server von Google in den USA \u00fcbertragen und dort gespeichert.<\/p>\n\n\n\n<p>Im Falle der Aktivierung der IP-Anonymisierung auf dieser Webseite wird Ihre IP-Adresse von Google jedoch innerhalb von Mitgliedstaaten der Europ\u00e4ischen Union oder in anderen Vertragsstaaten des Abkommens \u00fcber den Europ\u00e4ischen Wirtschaftsraum zuvor gek\u00fcrzt. Nur in&nbsp;Ausnahmef\u00e4llen wird die volle IP-Adresse an einen Server von Google in den USA \u00fcbertragen und dort gek\u00fcrzt. Im Auftrag des Betreibers&nbsp;dieser Website wird Google diese Informationen benutzen, um Ihre Nutzung der Website auszuwerten, um Reports \u00fcber die Websiteaktivit\u00e4ten zusammenzustellen und um weitere mit der Websitenutzung und der Internetnutzung verbundene Dienstleistungen&nbsp;gegen\u00fcber dem Websitebetreiber zu erbringen. Die im Rahmen von Google Analytics von Ihrem Browser \u00fcbermittelte IP-Adresse wird&nbsp;nicht mit anderen Daten von Google zusammengef\u00fchrt.<\/p>\n\n\n\n<p>Sie k\u00f6nnen die Speicherung der Cookies durch eine entsprechende Einstellung Ihrer Browser-Software verhindern; wir weisen Sie jedoch&nbsp;darauf hin, dass Sie in diesem Fall gegebenenfalls nicht s\u00e4mtliche Funktionen dieser Website vollumf\u00e4nglich werden nutzen k\u00f6nnen. Sie k\u00f6nnen dar\u00fcber hinaus die Erfassung der durch das Cookie erzeugten und auf Ihre Nutzung der Website bezogenen Daten (inkl. Ihrer IP-Adresse)&nbsp;an Google sowie die Verarbeitung dieser Daten durch Google verhindern, indem sie das unter dem folgenden Link verf\u00fcgbare&nbsp;Browser-Plugin herunterladen und installieren:&nbsp;<a href=\"http:\/\/tools.google.com\/dlpage\/gaoptout?hl=de\" target=\"_blank\" rel=\"noreferrer noopener\">tools.google.com\/dlpage\/gaoptout<\/a><\/p>\n\n\n\n<h3 class=\"wp-block-heading\">Auskunft, L\u00f6schung, Sperrung<\/h3>\n\n\n\n<p>Sie haben jederzeit das Recht auf unentgeltliche Auskunft \u00fcber Ihre gespeicherten personenbezogenen Daten, deren Herkunft und&nbsp;Empf\u00e4nger und den Zweck der Datenverarbeitung sowie ein Recht auf Berichtigung, Sperrung oder L\u00f6schung dieser Daten. Hierzu sowie&nbsp;zu weiteren Fragen zum Thema personenbezogene Daten k\u00f6nnen Sie sich jederzeit unter der im Impressum angegebenen Adresse an&nbsp;uns wenden.<\/p>\n\n\n\n<h3 class=\"wp-block-heading\">Verantwortliche Stelle<\/h3>\n\n\n\n<p>Verantwortliche Stelle im Sinne des Bundesdatenschutzgesetzes ist <\/p>\n\n\n\n<p>Wolfram Bonnet<br>DJ Service Frankfurt<br>Frauenplan 64<br>60 487 Frankfurt<br><br>Wir behalten uns das Recht vor, diese Erkl\u00e4rung jederzeit zu \u00e4ndern. Sie begr\u00fcndet kein vertragliches oder sonstiges formales Recht gegen\u00fcber oder im Auftrag einer Partei.<\/p>\n\n\n\n<h3 class=\"wp-block-heading\">Widerspruch Werbe-Mails<\/h3>\n\n\n\n<p>Der Nutzung von im Rahmen der Impressumspflicht ver\u00f6ffentlichten Kontaktdaten zur \u00dcbersendung von nicht ausdr\u00fccklich&nbsp;angeforderter Werbung und Informationsmaterialien wird hiermit widersprochen. Die Betreiber der Seiten behalten sich ausdr\u00fccklich&nbsp;rechtliche Schritte im Falle der unverlangten Zusendung von Werbeinformationen, etwa durch Spam-E-Mails, vor.<\/p>\n","protected":false},"excerpt":{"rendered":"<p>Datenschutz Die Betreiber dieser Website&nbsp;nehmen den Schutz Ihrer pers\u00f6nlichen Daten sehr ernst. Wir behandeln Ihre personenbezogenen Daten&nbsp;vertraulich und entsprechend der gesetzlichen Datenschutzvorschriften sowie dieser Datenschutzerkl\u00e4rung. Die Nutzung unserer Website ist in der Regel ohne Angabe personenbezogener Daten m\u00f6glich. Soweit auf unseren Seiten&nbsp;personenbezogene Daten (beispielsweise Name, Anschrift oder E-Mail-Adressen) erhoben werden, erfolgt dies, soweit m\u00f6glich, stets [&hellip;]<\/p>\n","protected":false},"author":1,"featured_media":0,"parent":0,"menu_order":0,"comment_status":"closed","ping_status":"open","template":"","meta":{"footnotes":""},"class_list":["post-3","page","type-page","status-publish","hentry"],"yoast_head":"<!-- This site is optimized with the Yoast SEO plugin v26.8 - https:\/\/yoast.com\/product\/yoast-seo-wordpress\/ -->\n<title>Datenschutz - DJ Service Frankfurt<\/title>\n<meta name=\"robots\" content=\"index, follow, max-snippet:-1, max-image-preview:large, max-video-preview:-1\" \/>\n<link rel=\"canonical\" href=\"https:\/\/www.djservicefrankfurt.de\/index.php\/privacy-policy\/\" \/>\n<meta property=\"og:locale\" content=\"de_DE\" \/>\n<meta property=\"og:type\" content=\"article\" \/>\n<meta property=\"og:title\" content=\"Datenschutz - DJ Service Frankfurt\" \/>\n<meta property=\"og:description\" content=\"Datenschutz Die Betreiber dieser Website&nbsp;nehmen den Schutz Ihrer pers\u00f6nlichen Daten sehr ernst. Wir behandeln Ihre personenbezogenen Daten&nbsp;vertraulich und entsprechend der gesetzlichen Datenschutzvorschriften sowie dieser Datenschutzerkl\u00e4rung. Die Nutzung unserer Website ist in der Regel ohne Angabe personenbezogener Daten m\u00f6glich. Soweit auf unseren Seiten&nbsp;personenbezogene Daten (beispielsweise Name, Anschrift oder E-Mail-Adressen) erhoben werden, erfolgt dies, soweit m\u00f6glich, stets [&hellip;]\" \/>\n<meta property=\"og:url\" content=\"https:\/\/www.djservicefrankfurt.de\/index.php\/privacy-policy\/\" \/>\n<meta property=\"og:site_name\" content=\"DJ Service Frankfurt\" \/>\n<meta property=\"article:modified_time\" content=\"2022-05-18T13:45:07+00:00\" \/>\n<meta name=\"twitter:card\" content=\"summary_large_image\" \/>\n<meta name=\"twitter:label1\" content=\"Gesch\u00e4tzte Lesezeit\" \/>\n\t<meta name=\"twitter:data1\" content=\"4\u00a0Minuten\" \/>\n<script type=\"application\/ld+json\" class=\"yoast-schema-graph\">{\"@context\":\"https:\/\/schema.org\",\"@graph\":[{\"@type\":\"WebPage\",\"@id\":\"https:\/\/www.djservicefrankfurt.de\/index.php\/privacy-policy\/\",\"url\":\"https:\/\/www.djservicefrankfurt.de\/index.php\/privacy-policy\/\",\"name\":\"Datenschutz - DJ Service Frankfurt\",\"isPartOf\":{\"@id\":\"https:\/\/www.djservicefrankfurt.de\/#website\"},\"datePublished\":\"2021-02-25T15:10:00+00:00\",\"dateModified\":\"2022-05-18T13:45:07+00:00\",\"breadcrumb\":{\"@id\":\"https:\/\/www.djservicefrankfurt.de\/index.php\/privacy-policy\/#breadcrumb\"},\"inLanguage\":\"de\",\"potentialAction\":[{\"@type\":\"ReadAction\",\"target\":[\"https:\/\/www.djservicefrankfurt.de\/index.php\/privacy-policy\/\"]}]},{\"@type\":\"BreadcrumbList\",\"@id\":\"https:\/\/www.djservicefrankfurt.de\/index.php\/privacy-policy\/#breadcrumb\",\"itemListElement\":[{\"@type\":\"ListItem\",\"position\":1,\"name\":\"Home\",\"item\":\"https:\/\/www.djservicefrankfurt.de\/\"},{\"@type\":\"ListItem\",\"position\":2,\"name\":\"Datenschutz\"}]},{\"@type\":\"WebSite\",\"@id\":\"https:\/\/www.djservicefrankfurt.de\/#website\",\"url\":\"https:\/\/www.djservicefrankfurt.de\/\",\"name\":\"DJ Service Frankfurt\",\"description\":\"Ihr Event- und Hochzeits-DJ\",\"publisher\":{\"@id\":\"https:\/\/www.djservicefrankfurt.de\/#organization\"},\"potentialAction\":[{\"@type\":\"SearchAction\",\"target\":{\"@type\":\"EntryPoint\",\"urlTemplate\":\"https:\/\/www.djservicefrankfurt.de\/?s={search_term_string}\"},\"query-input\":{\"@type\":\"PropertyValueSpecification\",\"valueRequired\":true,\"valueName\":\"search_term_string\"}}],\"inLanguage\":\"de\"},{\"@type\":\"Organization\",\"@id\":\"https:\/\/www.djservicefrankfurt.de\/#organization\",\"name\":\"DJ Service Frankfurt\",\"url\":\"https:\/\/www.djservicefrankfurt.de\/\",\"logo\":{\"@type\":\"ImageObject\",\"inLanguage\":\"de\",\"@id\":\"https:\/\/www.djservicefrankfurt.de\/#\/schema\/logo\/image\/\",\"url\":\"https:\/\/www.djservicefrankfurt.de\/wp-content\/uploads\/2021\/03\/logo.png\",\"contentUrl\":\"https:\/\/www.djservicefrankfurt.de\/wp-content\/uploads\/2021\/03\/logo.png\",\"width\":264,\"height\":100,\"caption\":\"DJ Service Frankfurt\"},\"image\":{\"@id\":\"https:\/\/www.djservicefrankfurt.de\/#\/schema\/logo\/image\/\"}}]}<\/script>\n<!-- \/ Yoast SEO plugin. -->","yoast_head_json":{"title":"Datenschutz - DJ Service Frankfurt","robots":{"index":"index","follow":"follow","max-snippet":"max-snippet:-1","max-image-preview":"max-image-preview:large","max-video-preview":"max-video-preview:-1"},"canonical":"https:\/\/www.djservicefrankfurt.de\/index.php\/privacy-policy\/","og_locale":"de_DE","og_type":"article","og_title":"Datenschutz - DJ Service Frankfurt","og_description":"Datenschutz Die Betreiber dieser Website&nbsp;nehmen den Schutz Ihrer pers\u00f6nlichen Daten sehr ernst. Wir behandeln Ihre personenbezogenen Daten&nbsp;vertraulich und entsprechend der gesetzlichen Datenschutzvorschriften sowie dieser Datenschutzerkl\u00e4rung. Die Nutzung unserer Website ist in der Regel ohne Angabe personenbezogener Daten m\u00f6glich. Soweit auf unseren Seiten&nbsp;personenbezogene Daten (beispielsweise Name, Anschrift oder E-Mail-Adressen) erhoben werden, erfolgt dies, soweit m\u00f6glich, stets [&hellip;]","og_url":"https:\/\/www.djservicefrankfurt.de\/index.php\/privacy-policy\/","og_site_name":"DJ Service Frankfurt","article_modified_time":"2022-05-18T13:45:07+00:00","twitter_card":"summary_large_image","twitter_misc":{"Gesch\u00e4tzte Lesezeit":"4\u00a0Minuten"},"schema":{"@context":"https:\/\/schema.org","@graph":[{"@type":"WebPage","@id":"https:\/\/www.djservicefrankfurt.de\/index.php\/privacy-policy\/","url":"https:\/\/www.djservicefrankfurt.de\/index.php\/privacy-policy\/","name":"Datenschutz - DJ Service Frankfurt","isPartOf":{"@id":"https:\/\/www.djservicefrankfurt.de\/#website"},"datePublished":"2021-02-25T15:10:00+00:00","dateModified":"2022-05-18T13:45:07+00:00","breadcrumb":{"@id":"https:\/\/www.djservicefrankfurt.de\/index.php\/privacy-policy\/#breadcrumb"},"inLanguage":"de","potentialAction":[{"@type":"ReadAction","target":["https:\/\/www.djservicefrankfurt.de\/index.php\/privacy-policy\/"]}]},{"@type":"BreadcrumbList","@id":"https:\/\/www.djservicefrankfurt.de\/index.php\/privacy-policy\/#breadcrumb","itemListElement":[{"@type":"ListItem","position":1,"name":"Home","item":"https:\/\/www.djservicefrankfurt.de\/"},{"@type":"ListItem","position":2,"name":"Datenschutz"}]},{"@type":"WebSite","@id":"https:\/\/www.djservicefrankfurt.de\/#website","url":"https:\/\/www.djservicefrankfurt.de\/","name":"DJ Service Frankfurt","description":"Ihr Event- und Hochzeits-DJ","publisher":{"@id":"https:\/\/www.djservicefrankfurt.de\/#organization"},"potentialAction":[{"@type":"SearchAction","target":{"@type":"EntryPoint","urlTemplate":"https:\/\/www.djservicefrankfurt.de\/?s={search_term_string}"},"query-input":{"@type":"PropertyValueSpecification","valueRequired":true,"valueName":"search_term_string"}}],"inLanguage":"de"},{"@type":"Organization","@id":"https:\/\/www.djservicefrankfurt.de\/#organization","name":"DJ Service Frankfurt","url":"https:\/\/www.djservicefrankfurt.de\/","logo":{"@type":"ImageObject","inLanguage":"de","@id":"https:\/\/www.djservicefrankfurt.de\/#\/schema\/logo\/image\/","url":"https:\/\/www.djservicefrankfurt.de\/wp-content\/uploads\/2021\/03\/logo.png","contentUrl":"https:\/\/www.djservicefrankfurt.de\/wp-content\/uploads\/2021\/03\/logo.png","width":264,"height":100,"caption":"DJ Service Frankfurt"},"image":{"@id":"https:\/\/www.djservicefrankfurt.de\/#\/schema\/logo\/image\/"}}]}},"_links":{"self":[{"href":"https:\/\/www.djservicefrankfurt.de\/index.php\/wp-json\/wp\/v2\/pages\/3","targetHints":{"allow":["GET"]}}],"collection":[{"href":"https:\/\/www.djservicefrankfurt.de\/index.php\/wp-json\/wp\/v2\/pages"}],"about":[{"href":"https:\/\/www.djservicefrankfurt.de\/index.php\/wp-json\/wp\/v2\/types\/page"}],"author":[{"embeddable":true,"href":"https:\/\/www.djservicefrankfurt.de\/index.php\/wp-json\/wp\/v2\/users\/1"}],"replies":[{"embeddable":true,"href":"https:\/\/www.djservicefrankfurt.de\/index.php\/wp-json\/wp\/v2\/comments?post=3"}],"version-history":[{"count":2,"href":"https:\/\/www.djservicefrankfurt.de\/index.php\/wp-json\/wp\/v2\/pages\/3\/revisions"}],"predecessor-version":[{"id":345,"href":"https:\/\/www.djservicefrankfurt.de\/index.php\/wp-json\/wp\/v2\/pages\/3\/revisions\/345"}],"wp:attachment":[{"href":"https:\/\/www.djservicefrankfurt.de\/index.php\/wp-json\/wp\/v2\/media?parent=3"}],"curies":[{"name":"wp","href":"https:\/\/api.w.org\/{rel}","templated":true}]}}