{"id":59,"date":"2021-03-05T11:00:52","date_gmt":"2021-03-05T11:00:52","guid":{"rendered":"https:\/\/www.djservicefrankfurt.de\/?page_id=59"},"modified":"2025-01-29T20:49:35","modified_gmt":"2025-01-29T20:49:35","slug":"ueber-mich","status":"publish","type":"page","link":"https:\/\/www.djservicefrankfurt.de\/index.php\/ueber-mich\/","title":{"rendered":"\u00dcber mich"},"content":{"rendered":"<div data-colibri-id=\"59-c1\" class=\"style-339 style-local-59-c1 position-relative\">\n  <!---->\n  <div data-colibri-component=\"section\" data-colibri-id=\"59-c2\" id=\"about\" class=\"h-section h-section-global-spacing d-flex align-items-lg-center align-items-md-center align-items-center style-381 style-local-59-c2 position-relative\">\n    <!---->\n    <!---->\n    <div class=\"h-section-grid-container h-section-boxed-container\">\n      <!---->\n      <div data-colibri-id=\"59-c3\" class=\"h-row-container gutters-row-lg-0 gutters-row-md-0 gutters-row-0 gutters-row-v-lg-0 gutters-row-v-md-0 gutters-row-v-0 style-382 style-local-59-c3 position-relative\">\n        <!---->\n        <div class=\"h-row justify-content-lg-center justify-content-md-center justify-content-center align-items-lg-stretch align-items-md-stretch align-items-stretch gutters-col-lg-0 gutters-col-md-0 gutters-col-0 gutters-col-v-lg-0 gutters-col-v-md-0 gutters-col-v-0\">\n          <!---->\n          <div class=\"h-column h-column-container d-flex h-col-lg-auto h-col-md-auto h-col-auto style-383-outer style-local-59-c4-outer\">\n            <div data-colibri-id=\"59-c4\" class=\"d-flex h-flex-basis h-column__inner h-px-lg-0 h-px-md-0 h-px-0 v-inner-lg-0 v-inner-md-0 v-inner-0 style-383 style-local-59-c4 position-relative\">\n              <!---->\n              <!---->\n              <div class=\"w-100 h-y-container h-column__content h-column__v-align flex-basis-100 align-self-lg-start align-self-md-start align-self-start\">\n                <!---->\n                <div data-colibri-id=\"59-c5\" class=\"h-global-transition-all h-heading style-384 style-local-59-c5 position-relative h-element\">\n                  <!---->\n                  <div class=\"h-heading__outer style-384 style-local-59-c5\">\n                    <!---->\n                    <!---->\n                    <h2 class=\"\">\u00dcber mich<\/h2>\n                  <\/div>\n                <\/div>\n                <div data-colibri-id=\"59-c6\" class=\"h-text h-text-component style-355 style-local-59-c6 position-relative h-element\">\n                  <!---->\n                  <!---->\n                  <div class=\"\">\n                    <p>Seit 1993 bin ich als mobiler DJ unterwegs. Zuerst in meiner Heimatstadt Osnabr\u00fcck, w\u00e4hrend des Studiums in Marburg und seit 2007 in Frankfurt. Im Laufe der Zeit habe ich mich immer mehr auf Hochzeiten und Events spezialisiert. Ein\n                      immer wechselndes Publikum ist die gr\u00f6\u00dfte Herausforderung, der sich ein DJ stellen kann.<\/p>\n                    <p>Ich spiele bei Firmenevents, Hochzeiten, Messepartys, Galas, Weihnachtsfeiern, Jubil\u00e4en, Geburtstagen und vielem mehr. Mit meinem Mix aus Charts, House und Dance-Klassikern bringe ich jede Party zum Kochen!<\/p>\n                    <p><strong>Mein Repertoire<\/strong>:\n                      <br>Charts, Club Sounds, House, Dance Classics, Hip Hop, Soul, Funk, Disco, Lounge.<\/p>\n                    <p>\n                      <a href=\"https:\/\/www.djservicefrankfurt.de\/kontaktformular\/kontaktformular.php\" class=\"customize-unpreviewable\">Kann ich Ihnen helfen? Dann schreiben Sie mir jetzt hier \u00fcber das Kontaktformular!<\/a>\n                    <\/p>\n                    <p>\n                      <a href=\"https:\/\/www.djservicefrankfurt.de\/downloads\/DJS_Flyer_Online.pdf\" target=\"_new\" class=\"customize-unpreviewable\">Laden Sich jetzt hier meinen Info-Flyer herunter!<\/a>\n                    <\/p>\n                  <\/div>\n                <\/div>\n              <\/div>\n            <\/div>\n          <\/div>\n          <div class=\"h-column h-column-container d-flex h-col-lg-auto h-col-md-auto h-col-auto style-388-outer style-local-59-c7-outer\">\n            <div data-colibri-id=\"59-c7\" class=\"d-flex h-flex-basis h-column__inner h-px-lg-2 h-px-md-2 h-px-2 v-inner-lg-2 v-inner-md-2 v-inner-2 style-388 style-local-59-c7 position-relative\">\n              <!---->\n              <!---->\n              <div class=\"w-100 h-y-container h-column__content h-column__v-align flex-basis-100 align-self-lg-start align-self-md-start align-self-start\">\n                <!---->\n                <div data-colibri-id=\"59-c9\" class=\"d-block style-410 style-local-59-c9 position-relative h-element\">\n                  <!---->\n                  <div class=\"h-image__frame-container-outer\">\n                    <div class=\"h-image__frame-container\">\n                      <!---->\n                      <!---->\n                      <img loading=\"lazy\" decoding=\"async\" width=\"1333\" height=\"1333\" src=\"https:\/\/www.djservicefrankfurt.de\/wp-content\/uploads\/2025\/01\/cropped-DSC3106_web.jpg\" class=\"wp-image-397 style-410-image style-local-59-c9-image\" alt=\"\" srcset=\"https:\/\/www.djservicefrankfurt.de\/wp-content\/uploads\/2025\/01\/cropped-DSC3106_web.jpg 1333w, https:\/\/www.djservicefrankfurt.de\/wp-content\/uploads\/2025\/01\/cropped-DSC3106_web-300x300.jpg 300w, https:\/\/www.djservicefrankfurt.de\/wp-content\/uploads\/2025\/01\/cropped-DSC3106_web-1024x1024.jpg 1024w, https:\/\/www.djservicefrankfurt.de\/wp-content\/uploads\/2025\/01\/cropped-DSC3106_web-150x150.jpg 150w, https:\/\/www.djservicefrankfurt.de\/wp-content\/uploads\/2025\/01\/cropped-DSC3106_web-768x768.jpg 768w, https:\/\/www.djservicefrankfurt.de\/wp-content\/uploads\/2025\/01\/cropped-DSC3106_web-1320x1320.jpg 1320w\" sizes=\"auto, (max-width: 1333px) 100vw, 1333px\" \/>\n                      <div class=\"h-image__frame h-hide-lg h-hide-md h-hide-sm style-410-frameImage style-local-59-c9-frameImage\"><\/div>\n                    <\/div>\n                  <\/div>\n                <\/div>\n              <\/div>\n            <\/div>\n          <\/div>\n        <\/div>\n      <\/div>\n    <\/div>\n  <\/div>\n<\/div>","protected":false},"excerpt":{"rendered":"<p>\u00dcber mich Seit 1993 bin ich als mobiler DJ unterwegs. Zuerst in meiner Heimatstadt Osnabr\u00fcck, w\u00e4hrend des Studiums in Marburg und seit 2007 in Frankfurt. Im Laufe der Zeit habe ich mich immer mehr auf Hochzeiten und Events spezialisiert. Ein immer wechselndes Publikum ist die gr\u00f6\u00dfte Herausforderung, der sich ein DJ stellen kann. Ich spiele [&hellip;]<\/p>\n","protected":false},"author":1,"featured_media":0,"parent":0,"menu_order":0,"comment_status":"closed","ping_status":"closed","template":"page-templates\/full-width-page.php","meta":{"footnotes":""},"class_list":["post-59","page","type-page","status-publish","hentry"],"yoast_head":"<!-- This site is optimized with the Yoast SEO plugin v26.8 - https:\/\/yoast.com\/product\/yoast-seo-wordpress\/ -->\n<title>\u00dcber mich - DJ Service Frankfurt<\/title>\n<meta name=\"robots\" content=\"index, follow, max-snippet:-1, max-image-preview:large, max-video-preview:-1\" \/>\n<link rel=\"canonical\" href=\"https:\/\/www.djservicefrankfurt.de\/index.php\/ueber-mich\/\" \/>\n<meta property=\"og:locale\" content=\"de_DE\" \/>\n<meta property=\"og:type\" content=\"article\" \/>\n<meta property=\"og:title\" content=\"\u00dcber mich - DJ Service Frankfurt\" \/>\n<meta property=\"og:description\" content=\"\u00dcber mich Seit 1993 bin ich als mobiler DJ unterwegs. Zuerst in meiner Heimatstadt Osnabr\u00fcck, w\u00e4hrend des Studiums in Marburg und seit 2007 in Frankfurt. Im Laufe der Zeit habe ich mich immer mehr auf Hochzeiten und Events spezialisiert. Ein immer wechselndes Publikum ist die gr\u00f6\u00dfte Herausforderung, der sich ein DJ stellen kann. Ich spiele [&hellip;]\" \/>\n<meta property=\"og:url\" content=\"https:\/\/www.djservicefrankfurt.de\/index.php\/ueber-mich\/\" \/>\n<meta property=\"og:site_name\" content=\"DJ Service Frankfurt\" \/>\n<meta property=\"article:modified_time\" content=\"2025-01-29T20:49:35+00:00\" \/>\n<meta property=\"og:image\" content=\"https:\/\/www.djservicefrankfurt.de\/wp-content\/uploads\/2025\/01\/cropped-DSC3106_web.jpg\" \/>\n\t<meta property=\"og:image:width\" content=\"1333\" \/>\n\t<meta property=\"og:image:height\" content=\"1333\" \/>\n\t<meta property=\"og:image:type\" content=\"image\/jpeg\" \/>\n<meta name=\"twitter:card\" content=\"summary_large_image\" \/>\n<meta name=\"twitter:label1\" content=\"Gesch\u00e4tzte Lesezeit\" \/>\n\t<meta name=\"twitter:data1\" content=\"1\u00a0Minute\" \/>\n<script type=\"application\/ld+json\" class=\"yoast-schema-graph\">{\"@context\":\"https:\/\/schema.org\",\"@graph\":[{\"@type\":\"WebPage\",\"@id\":\"https:\/\/www.djservicefrankfurt.de\/index.php\/ueber-mich\/\",\"url\":\"https:\/\/www.djservicefrankfurt.de\/index.php\/ueber-mich\/\",\"name\":\"\u00dcber mich - DJ Service Frankfurt\",\"isPartOf\":{\"@id\":\"https:\/\/www.djservicefrankfurt.de\/#website\"},\"primaryImageOfPage\":{\"@id\":\"https:\/\/www.djservicefrankfurt.de\/index.php\/ueber-mich\/#primaryimage\"},\"image\":{\"@id\":\"https:\/\/www.djservicefrankfurt.de\/index.php\/ueber-mich\/#primaryimage\"},\"thumbnailUrl\":\"https:\/\/www.djservicefrankfurt.de\/wp-content\/uploads\/2025\/01\/cropped-DSC3106_web.jpg\",\"datePublished\":\"2021-03-05T11:00:52+00:00\",\"dateModified\":\"2025-01-29T20:49:35+00:00\",\"breadcrumb\":{\"@id\":\"https:\/\/www.djservicefrankfurt.de\/index.php\/ueber-mich\/#breadcrumb\"},\"inLanguage\":\"de\",\"potentialAction\":[{\"@type\":\"ReadAction\",\"target\":[\"https:\/\/www.djservicefrankfurt.de\/index.php\/ueber-mich\/\"]}]},{\"@type\":\"ImageObject\",\"inLanguage\":\"de\",\"@id\":\"https:\/\/www.djservicefrankfurt.de\/index.php\/ueber-mich\/#primaryimage\",\"url\":\"https:\/\/www.djservicefrankfurt.de\/wp-content\/uploads\/2025\/01\/cropped-DSC3106_web.jpg\",\"contentUrl\":\"https:\/\/www.djservicefrankfurt.de\/wp-content\/uploads\/2025\/01\/cropped-DSC3106_web.jpg\",\"width\":1333,\"height\":1333,\"caption\":\"Wolfram\"},{\"@type\":\"BreadcrumbList\",\"@id\":\"https:\/\/www.djservicefrankfurt.de\/index.php\/ueber-mich\/#breadcrumb\",\"itemListElement\":[{\"@type\":\"ListItem\",\"position\":1,\"name\":\"Home\",\"item\":\"https:\/\/www.djservicefrankfurt.de\/\"},{\"@type\":\"ListItem\",\"position\":2,\"name\":\"\u00dcber mich\"}]},{\"@type\":\"WebSite\",\"@id\":\"https:\/\/www.djservicefrankfurt.de\/#website\",\"url\":\"https:\/\/www.djservicefrankfurt.de\/\",\"name\":\"DJ Service Frankfurt\",\"description\":\"Ihr Event- und Hochzeits-DJ\",\"publisher\":{\"@id\":\"https:\/\/www.djservicefrankfurt.de\/#organization\"},\"potentialAction\":[{\"@type\":\"SearchAction\",\"target\":{\"@type\":\"EntryPoint\",\"urlTemplate\":\"https:\/\/www.djservicefrankfurt.de\/?s={search_term_string}\"},\"query-input\":{\"@type\":\"PropertyValueSpecification\",\"valueRequired\":true,\"valueName\":\"search_term_string\"}}],\"inLanguage\":\"de\"},{\"@type\":\"Organization\",\"@id\":\"https:\/\/www.djservicefrankfurt.de\/#organization\",\"name\":\"DJ Service Frankfurt\",\"url\":\"https:\/\/www.djservicefrankfurt.de\/\",\"logo\":{\"@type\":\"ImageObject\",\"inLanguage\":\"de\",\"@id\":\"https:\/\/www.djservicefrankfurt.de\/#\/schema\/logo\/image\/\",\"url\":\"https:\/\/www.djservicefrankfurt.de\/wp-content\/uploads\/2021\/03\/logo.png\",\"contentUrl\":\"https:\/\/www.djservicefrankfurt.de\/wp-content\/uploads\/2021\/03\/logo.png\",\"width\":264,\"height\":100,\"caption\":\"DJ Service Frankfurt\"},\"image\":{\"@id\":\"https:\/\/www.djservicefrankfurt.de\/#\/schema\/logo\/image\/\"}}]}<\/script>\n<!-- \/ Yoast SEO plugin. -->","yoast_head_json":{"title":"\u00dcber mich - DJ Service Frankfurt","robots":{"index":"index","follow":"follow","max-snippet":"max-snippet:-1","max-image-preview":"max-image-preview:large","max-video-preview":"max-video-preview:-1"},"canonical":"https:\/\/www.djservicefrankfurt.de\/index.php\/ueber-mich\/","og_locale":"de_DE","og_type":"article","og_title":"\u00dcber mich - DJ Service Frankfurt","og_description":"\u00dcber mich Seit 1993 bin ich als mobiler DJ unterwegs. Zuerst in meiner Heimatstadt Osnabr\u00fcck, w\u00e4hrend des Studiums in Marburg und seit 2007 in Frankfurt. Im Laufe der Zeit habe ich mich immer mehr auf Hochzeiten und Events spezialisiert. Ein immer wechselndes Publikum ist die gr\u00f6\u00dfte Herausforderung, der sich ein DJ stellen kann. Ich spiele [&hellip;]","og_url":"https:\/\/www.djservicefrankfurt.de\/index.php\/ueber-mich\/","og_site_name":"DJ Service Frankfurt","article_modified_time":"2025-01-29T20:49:35+00:00","og_image":[{"width":1333,"height":1333,"url":"https:\/\/www.djservicefrankfurt.de\/wp-content\/uploads\/2025\/01\/cropped-DSC3106_web.jpg","type":"image\/jpeg"}],"twitter_card":"summary_large_image","twitter_misc":{"Gesch\u00e4tzte Lesezeit":"1\u00a0Minute"},"schema":{"@context":"https:\/\/schema.org","@graph":[{"@type":"WebPage","@id":"https:\/\/www.djservicefrankfurt.de\/index.php\/ueber-mich\/","url":"https:\/\/www.djservicefrankfurt.de\/index.php\/ueber-mich\/","name":"\u00dcber mich - DJ Service Frankfurt","isPartOf":{"@id":"https:\/\/www.djservicefrankfurt.de\/#website"},"primaryImageOfPage":{"@id":"https:\/\/www.djservicefrankfurt.de\/index.php\/ueber-mich\/#primaryimage"},"image":{"@id":"https:\/\/www.djservicefrankfurt.de\/index.php\/ueber-mich\/#primaryimage"},"thumbnailUrl":"https:\/\/www.djservicefrankfurt.de\/wp-content\/uploads\/2025\/01\/cropped-DSC3106_web.jpg","datePublished":"2021-03-05T11:00:52+00:00","dateModified":"2025-01-29T20:49:35+00:00","breadcrumb":{"@id":"https:\/\/www.djservicefrankfurt.de\/index.php\/ueber-mich\/#breadcrumb"},"inLanguage":"de","potentialAction":[{"@type":"ReadAction","target":["https:\/\/www.djservicefrankfurt.de\/index.php\/ueber-mich\/"]}]},{"@type":"ImageObject","inLanguage":"de","@id":"https:\/\/www.djservicefrankfurt.de\/index.php\/ueber-mich\/#primaryimage","url":"https:\/\/www.djservicefrankfurt.de\/wp-content\/uploads\/2025\/01\/cropped-DSC3106_web.jpg","contentUrl":"https:\/\/www.djservicefrankfurt.de\/wp-content\/uploads\/2025\/01\/cropped-DSC3106_web.jpg","width":1333,"height":1333,"caption":"Wolfram"},{"@type":"BreadcrumbList","@id":"https:\/\/www.djservicefrankfurt.de\/index.php\/ueber-mich\/#breadcrumb","itemListElement":[{"@type":"ListItem","position":1,"name":"Home","item":"https:\/\/www.djservicefrankfurt.de\/"},{"@type":"ListItem","position":2,"name":"\u00dcber mich"}]},{"@type":"WebSite","@id":"https:\/\/www.djservicefrankfurt.de\/#website","url":"https:\/\/www.djservicefrankfurt.de\/","name":"DJ Service Frankfurt","description":"Ihr Event- und Hochzeits-DJ","publisher":{"@id":"https:\/\/www.djservicefrankfurt.de\/#organization"},"potentialAction":[{"@type":"SearchAction","target":{"@type":"EntryPoint","urlTemplate":"https:\/\/www.djservicefrankfurt.de\/?s={search_term_string}"},"query-input":{"@type":"PropertyValueSpecification","valueRequired":true,"valueName":"search_term_string"}}],"inLanguage":"de"},{"@type":"Organization","@id":"https:\/\/www.djservicefrankfurt.de\/#organization","name":"DJ Service Frankfurt","url":"https:\/\/www.djservicefrankfurt.de\/","logo":{"@type":"ImageObject","inLanguage":"de","@id":"https:\/\/www.djservicefrankfurt.de\/#\/schema\/logo\/image\/","url":"https:\/\/www.djservicefrankfurt.de\/wp-content\/uploads\/2021\/03\/logo.png","contentUrl":"https:\/\/www.djservicefrankfurt.de\/wp-content\/uploads\/2021\/03\/logo.png","width":264,"height":100,"caption":"DJ Service Frankfurt"},"image":{"@id":"https:\/\/www.djservicefrankfurt.de\/#\/schema\/logo\/image\/"}}]}},"_links":{"self":[{"href":"https:\/\/www.djservicefrankfurt.de\/index.php\/wp-json\/wp\/v2\/pages\/59","targetHints":{"allow":["GET"]}}],"collection":[{"href":"https:\/\/www.djservicefrankfurt.de\/index.php\/wp-json\/wp\/v2\/pages"}],"about":[{"href":"https:\/\/www.djservicefrankfurt.de\/index.php\/wp-json\/wp\/v2\/types\/page"}],"author":[{"embeddable":true,"href":"https:\/\/www.djservicefrankfurt.de\/index.php\/wp-json\/wp\/v2\/users\/1"}],"replies":[{"embeddable":true,"href":"https:\/\/www.djservicefrankfurt.de\/index.php\/wp-json\/wp\/v2\/comments?post=59"}],"version-history":[{"count":8,"href":"https:\/\/www.djservicefrankfurt.de\/index.php\/wp-json\/wp\/v2\/pages\/59\/revisions"}],"predecessor-version":[{"id":406,"href":"https:\/\/www.djservicefrankfurt.de\/index.php\/wp-json\/wp\/v2\/pages\/59\/revisions\/406"}],"wp:attachment":[{"href":"https:\/\/www.djservicefrankfurt.de\/index.php\/wp-json\/wp\/v2\/media?parent=59"}],"curies":[{"name":"wp","href":"https:\/\/api.w.org\/{rel}","templated":true}]}}