{"id":61,"date":"2021-03-05T11:01:28","date_gmt":"2021-03-05T11:01:28","guid":{"rendered":"https:\/\/www.djservicefrankfurt.de\/?page_id=61"},"modified":"2022-12-07T08:44:14","modified_gmt":"2022-12-07T08:44:14","slug":"hochzeit","status":"publish","type":"page","link":"https:\/\/www.djservicefrankfurt.de\/index.php\/hochzeit\/","title":{"rendered":"Hochzeit"},"content":{"rendered":"\n<div class=\"style-361 style-local-61-c1 position-relative\" data-colibri-id=\"61-c1\">\n<p>&nbsp;<\/p>\n<div id=\"about\" class=\"h-section h-section-global-spacing d-flex align-items-lg-center align-items-md-center align-items-center style-362 style-local-61-c2 position-relative\" data-colibri-component=\"section\" data-colibri-id=\"61-c2\"><br>\n<p>&nbsp;<\/p>\n<div class=\"h-section-grid-container h-section-boxed-container\">\n<p>&nbsp;<\/p>\n<div class=\"h-row-container gutters-row-lg-0 gutters-row-md-0 gutters-row-0 gutters-row-v-lg-0 gutters-row-v-md-0 gutters-row-v-0 style-363 style-local-61-c3 position-relative\" data-colibri-id=\"61-c3\">\n<p>&nbsp;<\/p>\n<div class=\"h-row justify-content-lg-center justify-content-md-center justify-content-center align-items-lg-stretch align-items-md-stretch align-items-stretch gutters-col-lg-0 gutters-col-md-0 gutters-col-0 gutters-col-v-lg-0 gutters-col-v-md-0 gutters-col-v-0\">\n<p>&nbsp;<\/p>\n<div class=\"h-column h-column-container d-flex h-col-lg-auto h-col-md-auto h-col-auto style-364-outer style-local-61-c4-outer\">\n<div class=\"d-flex h-flex-basis h-column__inner h-px-lg-0 h-px-md-0 h-px-0 v-inner-lg-0 v-inner-md-0 v-inner-0 style-364 style-local-61-c4 position-relative\" data-colibri-id=\"61-c4\"><br>\n<p>&nbsp;<\/p>\n<div class=\"w-100 h-y-container h-column__content h-column__v-align flex-basis-100 align-self-lg-start align-self-md-start align-self-start\">\n<p>&nbsp;<\/p>\n<div class=\"h-global-transition-all h-heading style-365 style-local-61-c5 position-relative h-element\" data-colibri-id=\"61-c5\">\n<p>&nbsp;<\/p>\n<div class=\"h-heading__outer style-365 style-local-61-c5\"><br>\n<p>&nbsp;<\/p>\n<h2 class=\"\">Hochzeit<\/h2>\n<p>&nbsp;<\/p>\n<\/div>\n<p>&nbsp;<\/p>\n<\/div>\n<div class=\"h-text h-text-component style-367 style-local-61-c6 position-relative h-element\" data-colibri-id=\"61-c6\"><br>\n<p>&nbsp;<\/p>\n<div class=\"\">\n<p>Erfahrung, Qualit\u00e4t, Individualit\u00e4t &amp; Fingerspitzengef\u00fchl: Wenn es um den sch\u00f6nsten Tag im Leben geht, z\u00e4hlen Einf\u00fchlungsverm\u00f6gen, Vertrauen und professionelle Unterst\u00fctzung.<\/p>\n<p>Seit 1993 betreue ich Brautpaare an ihrem gro\u00dfen Tag. Damit alles l\u00e4uft wie geplant, ist eine gute Vorbereitung das A und O. Im Rahmen es Vorgespr\u00e4ches (pers\u00f6nlich oder am Telefon) bespreche ich mit Ihnen mein Angebot, die Kosten,<br>den Ablauf und Ihre W\u00fcnsche bez\u00fcglich der Musikauswahl.<\/p>\n<p>Seit vielen Jahren arbeite ich eng mit Hochzeitsplanern zusammen. Sie buchen mich regelm\u00e4\u00dfig f\u00fcr Ihre Brautpaare, denn sie wissen, dass sie mit mir den besten DJ f\u00fcr eine gelungene Hochzeitsfeier bekommen<\/p>\n<p><a class=\"customize-unpreviewable\" href=\"https:\/\/www.djservicefrankfurt.de\/kontaktformular\/5-Schritte.php\">Mit 5 Schritten zum richtigen DJ.<\/a><\/p>\n<p>&nbsp;<\/p>\n<\/div>\n<p>&nbsp;<\/p>\n<\/div>\n<p>&nbsp;<\/p>\n<\/div>\n<p>&nbsp;<\/p>\n<\/div>\n<p>&nbsp;<\/p>\n<\/div>\n<div class=\"h-column h-column-container d-flex h-col-lg-auto h-col-md-auto h-col-auto style-368-outer style-local-61-c7-outer\">\n<div class=\"d-flex h-flex-basis h-column__inner h-ui-empty-state-container h-px-lg-2 h-px-md-2 h-px-2 v-inner-lg-2 v-inner-md-2 v-inner-2 style-368 style-local-61-c7 position-relative\" data-colibri-id=\"61-c7\"><br>\n<p>&nbsp;<\/p>\n<div class=\"w-100 h-y-container h-column__content h-column__v-align flex-basis-100\">&nbsp;<\/div>\n<p>&nbsp;<\/p>\n<\/div>\n<p>&nbsp;<\/p>\n<\/div>\n<p>&nbsp;<\/p>\n<\/div>\n<p>&nbsp;<\/p>\n<\/div>\n<p>&nbsp;<\/p>\n<\/div>\n<p>&nbsp;<\/p>\n<\/div>\n<\/div>\n\n\n\n<figure class=\"wp-block-gallery has-nested-images columns-default is-cropped wp-block-gallery-1 is-layout-flex wp-block-gallery-is-layout-flex\">\n<figure class=\"wp-block-image size-large\"><img loading=\"lazy\" decoding=\"async\" width=\"1200\" height=\"800\" data-id=\"372\" src=\"https:\/\/www.djservicefrankfurt.de\/wp-content\/uploads\/2022\/12\/Hochzeit_Laura_und_Emi_Tag_2-157-web.png\" alt=\"\" class=\"wp-image-372\" srcset=\"https:\/\/www.djservicefrankfurt.de\/wp-content\/uploads\/2022\/12\/Hochzeit_Laura_und_Emi_Tag_2-157-web.png 1200w, https:\/\/www.djservicefrankfurt.de\/wp-content\/uploads\/2022\/12\/Hochzeit_Laura_und_Emi_Tag_2-157-web-300x200.png 300w, https:\/\/www.djservicefrankfurt.de\/wp-content\/uploads\/2022\/12\/Hochzeit_Laura_und_Emi_Tag_2-157-web-1024x683.png 1024w, https:\/\/www.djservicefrankfurt.de\/wp-content\/uploads\/2022\/12\/Hochzeit_Laura_und_Emi_Tag_2-157-web-768x512.png 768w, https:\/\/www.djservicefrankfurt.de\/wp-content\/uploads\/2022\/12\/Hochzeit_Laura_und_Emi_Tag_2-157-web-600x400.png 600w\" sizes=\"auto, (max-width: 1200px) 100vw, 1200px\" \/><\/figure>\n\n\n\n<figure class=\"wp-block-image size-large\"><img loading=\"lazy\" decoding=\"async\" width=\"1200\" height=\"800\" data-id=\"371\" src=\"https:\/\/www.djservicefrankfurt.de\/wp-content\/uploads\/2022\/12\/Hochzeit_Laura_und_Emi_Tag_2-210-web.png\" alt=\"\" class=\"wp-image-371\" srcset=\"https:\/\/www.djservicefrankfurt.de\/wp-content\/uploads\/2022\/12\/Hochzeit_Laura_und_Emi_Tag_2-210-web.png 1200w, https:\/\/www.djservicefrankfurt.de\/wp-content\/uploads\/2022\/12\/Hochzeit_Laura_und_Emi_Tag_2-210-web-300x200.png 300w, https:\/\/www.djservicefrankfurt.de\/wp-content\/uploads\/2022\/12\/Hochzeit_Laura_und_Emi_Tag_2-210-web-1024x683.png 1024w, https:\/\/www.djservicefrankfurt.de\/wp-content\/uploads\/2022\/12\/Hochzeit_Laura_und_Emi_Tag_2-210-web-768x512.png 768w, https:\/\/www.djservicefrankfurt.de\/wp-content\/uploads\/2022\/12\/Hochzeit_Laura_und_Emi_Tag_2-210-web-600x400.png 600w\" sizes=\"auto, (max-width: 1200px) 100vw, 1200px\" \/><\/figure>\n\n\n\n<figure class=\"wp-block-image size-large\"><img loading=\"lazy\" decoding=\"async\" width=\"1200\" height=\"800\" data-id=\"370\" src=\"https:\/\/www.djservicefrankfurt.de\/wp-content\/uploads\/2022\/12\/Hochzeit_Laura_und_Emi_Tag_2-218-web.png\" alt=\"\" class=\"wp-image-370\" srcset=\"https:\/\/www.djservicefrankfurt.de\/wp-content\/uploads\/2022\/12\/Hochzeit_Laura_und_Emi_Tag_2-218-web.png 1200w, https:\/\/www.djservicefrankfurt.de\/wp-content\/uploads\/2022\/12\/Hochzeit_Laura_und_Emi_Tag_2-218-web-300x200.png 300w, https:\/\/www.djservicefrankfurt.de\/wp-content\/uploads\/2022\/12\/Hochzeit_Laura_und_Emi_Tag_2-218-web-1024x683.png 1024w, https:\/\/www.djservicefrankfurt.de\/wp-content\/uploads\/2022\/12\/Hochzeit_Laura_und_Emi_Tag_2-218-web-768x512.png 768w, https:\/\/www.djservicefrankfurt.de\/wp-content\/uploads\/2022\/12\/Hochzeit_Laura_und_Emi_Tag_2-218-web-600x400.png 600w\" sizes=\"auto, (max-width: 1200px) 100vw, 1200px\" \/><\/figure>\n<\/figure>\n","protected":false},"excerpt":{"rendered":"<p>&nbsp; &nbsp; &nbsp; &nbsp; &nbsp; &nbsp; &nbsp; &nbsp; &nbsp; Hochzeit &nbsp; &nbsp; &nbsp; Erfahrung, Qualit\u00e4t, Individualit\u00e4t &amp; Fingerspitzengef\u00fchl: Wenn es um den sch\u00f6nsten Tag im Leben geht, z\u00e4hlen Einf\u00fchlungsverm\u00f6gen, Vertrauen und professionelle Unterst\u00fctzung. Seit 1993 betreue ich Brautpaare an ihrem gro\u00dfen Tag. Damit alles l\u00e4uft wie geplant, ist eine gute Vorbereitung das A und O. [&hellip;]<\/p>\n","protected":false},"author":1,"featured_media":0,"parent":0,"menu_order":0,"comment_status":"closed","ping_status":"closed","template":"page-templates\/full-width-page.php","meta":{"footnotes":""},"class_list":["post-61","page","type-page","status-publish","hentry"],"yoast_head":"<!-- This site is optimized with the Yoast SEO plugin v26.8 - https:\/\/yoast.com\/product\/yoast-seo-wordpress\/ -->\n<title>Hochzeit - DJ Service Frankfurt<\/title>\n<meta name=\"robots\" content=\"index, follow, max-snippet:-1, max-image-preview:large, max-video-preview:-1\" \/>\n<link rel=\"canonical\" href=\"https:\/\/www.djservicefrankfurt.de\/index.php\/hochzeit\/\" \/>\n<meta property=\"og:locale\" content=\"de_DE\" \/>\n<meta property=\"og:type\" content=\"article\" \/>\n<meta property=\"og:title\" content=\"Hochzeit - DJ Service Frankfurt\" \/>\n<meta property=\"og:description\" content=\"&nbsp; &nbsp; &nbsp; &nbsp; &nbsp; &nbsp; &nbsp; &nbsp; &nbsp; Hochzeit &nbsp; &nbsp; &nbsp; Erfahrung, Qualit\u00e4t, Individualit\u00e4t &amp; Fingerspitzengef\u00fchl: Wenn es um den sch\u00f6nsten Tag im Leben geht, z\u00e4hlen Einf\u00fchlungsverm\u00f6gen, Vertrauen und professionelle Unterst\u00fctzung. Seit 1993 betreue ich Brautpaare an ihrem gro\u00dfen Tag. Damit alles l\u00e4uft wie geplant, ist eine gute Vorbereitung das A und O. [&hellip;]\" \/>\n<meta property=\"og:url\" content=\"https:\/\/www.djservicefrankfurt.de\/index.php\/hochzeit\/\" \/>\n<meta property=\"og:site_name\" content=\"DJ Service Frankfurt\" \/>\n<meta property=\"article:modified_time\" content=\"2022-12-07T08:44:14+00:00\" \/>\n<meta property=\"og:image\" content=\"https:\/\/www.djservicefrankfurt.de\/wp-content\/uploads\/2022\/12\/Hochzeit_Laura_und_Emi_Tag_2-157-web.png\" \/>\n<meta name=\"twitter:card\" content=\"summary_large_image\" \/>\n<meta name=\"twitter:label1\" content=\"Gesch\u00e4tzte Lesezeit\" \/>\n\t<meta name=\"twitter:data1\" content=\"2\u00a0Minuten\" \/>\n<script type=\"application\/ld+json\" class=\"yoast-schema-graph\">{\"@context\":\"https:\/\/schema.org\",\"@graph\":[{\"@type\":\"WebPage\",\"@id\":\"https:\/\/www.djservicefrankfurt.de\/index.php\/hochzeit\/\",\"url\":\"https:\/\/www.djservicefrankfurt.de\/index.php\/hochzeit\/\",\"name\":\"Hochzeit - DJ Service Frankfurt\",\"isPartOf\":{\"@id\":\"https:\/\/www.djservicefrankfurt.de\/#website\"},\"primaryImageOfPage\":{\"@id\":\"https:\/\/www.djservicefrankfurt.de\/index.php\/hochzeit\/#primaryimage\"},\"image\":{\"@id\":\"https:\/\/www.djservicefrankfurt.de\/index.php\/hochzeit\/#primaryimage\"},\"thumbnailUrl\":\"https:\/\/www.djservicefrankfurt.de\/wp-content\/uploads\/2022\/12\/Hochzeit_Laura_und_Emi_Tag_2-157-web.png\",\"datePublished\":\"2021-03-05T11:01:28+00:00\",\"dateModified\":\"2022-12-07T08:44:14+00:00\",\"breadcrumb\":{\"@id\":\"https:\/\/www.djservicefrankfurt.de\/index.php\/hochzeit\/#breadcrumb\"},\"inLanguage\":\"de\",\"potentialAction\":[{\"@type\":\"ReadAction\",\"target\":[\"https:\/\/www.djservicefrankfurt.de\/index.php\/hochzeit\/\"]}]},{\"@type\":\"ImageObject\",\"inLanguage\":\"de\",\"@id\":\"https:\/\/www.djservicefrankfurt.de\/index.php\/hochzeit\/#primaryimage\",\"url\":\"https:\/\/www.djservicefrankfurt.de\/wp-content\/uploads\/2022\/12\/Hochzeit_Laura_und_Emi_Tag_2-157-web.png\",\"contentUrl\":\"https:\/\/www.djservicefrankfurt.de\/wp-content\/uploads\/2022\/12\/Hochzeit_Laura_und_Emi_Tag_2-157-web.png\",\"width\":1200,\"height\":800},{\"@type\":\"BreadcrumbList\",\"@id\":\"https:\/\/www.djservicefrankfurt.de\/index.php\/hochzeit\/#breadcrumb\",\"itemListElement\":[{\"@type\":\"ListItem\",\"position\":1,\"name\":\"Home\",\"item\":\"https:\/\/www.djservicefrankfurt.de\/\"},{\"@type\":\"ListItem\",\"position\":2,\"name\":\"Hochzeit\"}]},{\"@type\":\"WebSite\",\"@id\":\"https:\/\/www.djservicefrankfurt.de\/#website\",\"url\":\"https:\/\/www.djservicefrankfurt.de\/\",\"name\":\"DJ Service Frankfurt\",\"description\":\"Ihr Event- und Hochzeits-DJ\",\"publisher\":{\"@id\":\"https:\/\/www.djservicefrankfurt.de\/#organization\"},\"potentialAction\":[{\"@type\":\"SearchAction\",\"target\":{\"@type\":\"EntryPoint\",\"urlTemplate\":\"https:\/\/www.djservicefrankfurt.de\/?s={search_term_string}\"},\"query-input\":{\"@type\":\"PropertyValueSpecification\",\"valueRequired\":true,\"valueName\":\"search_term_string\"}}],\"inLanguage\":\"de\"},{\"@type\":\"Organization\",\"@id\":\"https:\/\/www.djservicefrankfurt.de\/#organization\",\"name\":\"DJ Service Frankfurt\",\"url\":\"https:\/\/www.djservicefrankfurt.de\/\",\"logo\":{\"@type\":\"ImageObject\",\"inLanguage\":\"de\",\"@id\":\"https:\/\/www.djservicefrankfurt.de\/#\/schema\/logo\/image\/\",\"url\":\"https:\/\/www.djservicefrankfurt.de\/wp-content\/uploads\/2021\/03\/logo.png\",\"contentUrl\":\"https:\/\/www.djservicefrankfurt.de\/wp-content\/uploads\/2021\/03\/logo.png\",\"width\":264,\"height\":100,\"caption\":\"DJ Service Frankfurt\"},\"image\":{\"@id\":\"https:\/\/www.djservicefrankfurt.de\/#\/schema\/logo\/image\/\"}}]}<\/script>\n<!-- \/ Yoast SEO plugin. -->","yoast_head_json":{"title":"Hochzeit - DJ Service Frankfurt","robots":{"index":"index","follow":"follow","max-snippet":"max-snippet:-1","max-image-preview":"max-image-preview:large","max-video-preview":"max-video-preview:-1"},"canonical":"https:\/\/www.djservicefrankfurt.de\/index.php\/hochzeit\/","og_locale":"de_DE","og_type":"article","og_title":"Hochzeit - DJ Service Frankfurt","og_description":"&nbsp; &nbsp; &nbsp; &nbsp; &nbsp; &nbsp; &nbsp; &nbsp; &nbsp; Hochzeit &nbsp; &nbsp; &nbsp; Erfahrung, Qualit\u00e4t, Individualit\u00e4t &amp; Fingerspitzengef\u00fchl: Wenn es um den sch\u00f6nsten Tag im Leben geht, z\u00e4hlen Einf\u00fchlungsverm\u00f6gen, Vertrauen und professionelle Unterst\u00fctzung. Seit 1993 betreue ich Brautpaare an ihrem gro\u00dfen Tag. Damit alles l\u00e4uft wie geplant, ist eine gute Vorbereitung das A und O. [&hellip;]","og_url":"https:\/\/www.djservicefrankfurt.de\/index.php\/hochzeit\/","og_site_name":"DJ Service Frankfurt","article_modified_time":"2022-12-07T08:44:14+00:00","og_image":[{"url":"https:\/\/www.djservicefrankfurt.de\/wp-content\/uploads\/2022\/12\/Hochzeit_Laura_und_Emi_Tag_2-157-web.png","type":"","width":"","height":""}],"twitter_card":"summary_large_image","twitter_misc":{"Gesch\u00e4tzte Lesezeit":"2\u00a0Minuten"},"schema":{"@context":"https:\/\/schema.org","@graph":[{"@type":"WebPage","@id":"https:\/\/www.djservicefrankfurt.de\/index.php\/hochzeit\/","url":"https:\/\/www.djservicefrankfurt.de\/index.php\/hochzeit\/","name":"Hochzeit - DJ Service Frankfurt","isPartOf":{"@id":"https:\/\/www.djservicefrankfurt.de\/#website"},"primaryImageOfPage":{"@id":"https:\/\/www.djservicefrankfurt.de\/index.php\/hochzeit\/#primaryimage"},"image":{"@id":"https:\/\/www.djservicefrankfurt.de\/index.php\/hochzeit\/#primaryimage"},"thumbnailUrl":"https:\/\/www.djservicefrankfurt.de\/wp-content\/uploads\/2022\/12\/Hochzeit_Laura_und_Emi_Tag_2-157-web.png","datePublished":"2021-03-05T11:01:28+00:00","dateModified":"2022-12-07T08:44:14+00:00","breadcrumb":{"@id":"https:\/\/www.djservicefrankfurt.de\/index.php\/hochzeit\/#breadcrumb"},"inLanguage":"de","potentialAction":[{"@type":"ReadAction","target":["https:\/\/www.djservicefrankfurt.de\/index.php\/hochzeit\/"]}]},{"@type":"ImageObject","inLanguage":"de","@id":"https:\/\/www.djservicefrankfurt.de\/index.php\/hochzeit\/#primaryimage","url":"https:\/\/www.djservicefrankfurt.de\/wp-content\/uploads\/2022\/12\/Hochzeit_Laura_und_Emi_Tag_2-157-web.png","contentUrl":"https:\/\/www.djservicefrankfurt.de\/wp-content\/uploads\/2022\/12\/Hochzeit_Laura_und_Emi_Tag_2-157-web.png","width":1200,"height":800},{"@type":"BreadcrumbList","@id":"https:\/\/www.djservicefrankfurt.de\/index.php\/hochzeit\/#breadcrumb","itemListElement":[{"@type":"ListItem","position":1,"name":"Home","item":"https:\/\/www.djservicefrankfurt.de\/"},{"@type":"ListItem","position":2,"name":"Hochzeit"}]},{"@type":"WebSite","@id":"https:\/\/www.djservicefrankfurt.de\/#website","url":"https:\/\/www.djservicefrankfurt.de\/","name":"DJ Service Frankfurt","description":"Ihr Event- und Hochzeits-DJ","publisher":{"@id":"https:\/\/www.djservicefrankfurt.de\/#organization"},"potentialAction":[{"@type":"SearchAction","target":{"@type":"EntryPoint","urlTemplate":"https:\/\/www.djservicefrankfurt.de\/?s={search_term_string}"},"query-input":{"@type":"PropertyValueSpecification","valueRequired":true,"valueName":"search_term_string"}}],"inLanguage":"de"},{"@type":"Organization","@id":"https:\/\/www.djservicefrankfurt.de\/#organization","name":"DJ Service Frankfurt","url":"https:\/\/www.djservicefrankfurt.de\/","logo":{"@type":"ImageObject","inLanguage":"de","@id":"https:\/\/www.djservicefrankfurt.de\/#\/schema\/logo\/image\/","url":"https:\/\/www.djservicefrankfurt.de\/wp-content\/uploads\/2021\/03\/logo.png","contentUrl":"https:\/\/www.djservicefrankfurt.de\/wp-content\/uploads\/2021\/03\/logo.png","width":264,"height":100,"caption":"DJ Service Frankfurt"},"image":{"@id":"https:\/\/www.djservicefrankfurt.de\/#\/schema\/logo\/image\/"}}]}},"_links":{"self":[{"href":"https:\/\/www.djservicefrankfurt.de\/index.php\/wp-json\/wp\/v2\/pages\/61","targetHints":{"allow":["GET"]}}],"collection":[{"href":"https:\/\/www.djservicefrankfurt.de\/index.php\/wp-json\/wp\/v2\/pages"}],"about":[{"href":"https:\/\/www.djservicefrankfurt.de\/index.php\/wp-json\/wp\/v2\/types\/page"}],"author":[{"embeddable":true,"href":"https:\/\/www.djservicefrankfurt.de\/index.php\/wp-json\/wp\/v2\/users\/1"}],"replies":[{"embeddable":true,"href":"https:\/\/www.djservicefrankfurt.de\/index.php\/wp-json\/wp\/v2\/comments?post=61"}],"version-history":[{"count":5,"href":"https:\/\/www.djservicefrankfurt.de\/index.php\/wp-json\/wp\/v2\/pages\/61\/revisions"}],"predecessor-version":[{"id":374,"href":"https:\/\/www.djservicefrankfurt.de\/index.php\/wp-json\/wp\/v2\/pages\/61\/revisions\/374"}],"wp:attachment":[{"href":"https:\/\/www.djservicefrankfurt.de\/index.php\/wp-json\/wp\/v2\/media?parent=61"}],"curies":[{"name":"wp","href":"https:\/\/api.w.org\/{rel}","templated":true}]}}